{"id":2671,"date":"2025-05-19T16:13:52","date_gmt":"2025-05-19T20:13:52","guid":{"rendered":"https:\/\/newyorkinjurylaw.net\/boletin-juridico\/"},"modified":"2025-07-02T15:36:27","modified_gmt":"2025-07-02T19:36:27","slug":"boletin-juridico","status":"publish","type":"page","link":"https:\/\/newyorkinjurylaw.net\/es\/boletin-juridico\/","title":{"rendered":"Bolet\u00edn Jur\u00eddico"},"content":{"rendered":"\t\t<div data-elementor-type=\"wp-page\" data-elementor-id=\"2671\" class=\"elementor elementor-2671 elementor-2433\" data-elementor-post-type=\"page\">\n\t\t\t\t<div class=\"elementor-element elementor-element-7a44aaf e-flex e-con-boxed e-con e-parent\" data-id=\"7a44aaf\" data-element_type=\"container\" data-e-type=\"container\" data-settings=\"{&quot;background_background&quot;:&quot;classic&quot;}\">\n\t\t\t\t\t<div class=\"e-con-inner\">\n\t\t<div class=\"elementor-element elementor-element-48905fc e-con-full e-flex e-con e-child\" data-id=\"48905fc\" data-element_type=\"container\" data-e-type=\"container\">\n\t\t\t\t<div class=\"elementor-element elementor-element-7c3bd09 elementor-widget elementor-widget-global elementor-global-953 elementor-widget-heading\" data-id=\"7c3bd09\" data-element_type=\"widget\" data-e-type=\"widget\" data-settings=\"{&quot;_animation&quot;:&quot;none&quot;,&quot;_animation_delay&quot;:500}\" data-widget_type=\"heading.default\">\n\t\t\t\t<div class=\"elementor-widget-container\">\n\t\t\t\t\t<h1 class=\"elementor-heading-title elementor-size-default\">Bolet\u00edn Jur\u00eddico<\/h1>\t\t\t\t<\/div>\n\t\t\t\t<\/div>\n\t\t\t\t<div class=\"elementor-element elementor-element-cc2dd9f elementor-widget elementor-widget-text-editor\" data-id=\"cc2dd9f\" data-element_type=\"widget\" data-e-type=\"widget\" data-widget_type=\"text-editor.default\">\n\t\t\t\t<div class=\"elementor-widget-container\">\n\t\t\t\t\t\t\t\t\t<p>Nuestro bolet\u00edn mensual contiene actualizaciones sobre el bufete, noticias de la comunidad, informaci\u00f3n sobre las victorias recientes de New York Injury Law, noticias jur\u00eddicas relativas al Estado de Nueva York y asuntos nacionales, y mucho m\u00e1s.  <\/p>\t\t\t\t\t\t\t\t<\/div>\n\t\t\t\t<\/div>\n\t\t\t\t<\/div>\n\t\t<div class=\"elementor-element elementor-element-01b38f6 e-con-full e-flex e-con e-child\" data-id=\"01b38f6\" data-element_type=\"container\" data-e-type=\"container\">\n\t\t\t\t<div class=\"elementor-element elementor-element-d8ef042 elementor-widget elementor-widget-button\" data-id=\"d8ef042\" data-element_type=\"widget\" data-e-type=\"widget\" data-widget_type=\"button.default\">\n\t\t\t\t<div class=\"elementor-widget-container\">\n\t\t\t\t\t\t\t\t\t<div class=\"elementor-button-wrapper\">\n\t\t\t\t\t<a class=\"elementor-button elementor-button-link elementor-size-sm\" href=\"https:\/\/newyorkinjurylaw.net\/contact\/\">\n\t\t\t\t\t\t<span class=\"elementor-button-content-wrapper\">\n\t\t\t\t\t\t\t\t\t<span class=\"elementor-button-text\">Evaluaci\u00f3n gratuita del caso<\/span>\n\t\t\t\t\t<\/span>\n\t\t\t\t\t<\/a>\n\t\t\t\t<\/div>\n\t\t\t\t\t\t\t\t<\/div>\n\t\t\t\t<\/div>\n\t\t\t\t<\/div>\n\t\t\t\t\t<\/div>\n\t\t\t\t<\/div>\n\t\t<div class=\"elementor-element elementor-element-8eb3a77 e-flex e-con-boxed e-con e-parent\" data-id=\"8eb3a77\" data-element_type=\"container\" data-e-type=\"container\">\n\t\t\t\t\t<div class=\"e-con-inner\">\n\t\t<div class=\"elementor-element elementor-element-f5c9a51 e-con-full e-flex e-con e-child\" data-id=\"f5c9a51\" data-element_type=\"container\" data-e-type=\"container\">\n\t\t\t\t<div class=\"elementor-element elementor-element-f4e66c2 elementor-widget elementor-widget-image\" data-id=\"f4e66c2\" data-element_type=\"widget\" data-e-type=\"widget\" data-widget_type=\"image.default\">\n\t\t\t\t<div class=\"elementor-widget-container\">\n\t\t\t\t\t\t\t\t\t\t\t\t\t\t\t\t<a href=\"https:\/\/newyorkinjurylaw.net\/wp-content\/uploads\/NYIL-Newsletter-June-2025.pdf\" target=\"_blank\" rel=\"nofollow\">\n\t\t\t\t\t\t\t<img decoding=\"async\" width=\"773\" height=\"1000\" src=\"https:\/\/newyorkinjurylaw.net\/wp-content\/uploads\/NYIL-Newsletter-June-2025-thumb.jpg\" class=\"elementor-animation-grow attachment-full size-full wp-image-2646\" alt=\"\" srcset=\"https:\/\/newyorkinjurylaw.net\/wp-content\/uploads\/NYIL-Newsletter-June-2025-thumb.jpg 773w, https:\/\/newyorkinjurylaw.net\/wp-content\/uploads\/NYIL-Newsletter-June-2025-thumb-768x994.jpg 768w\" sizes=\"(max-width: 773px) 100vw, 773px\" \/>\t\t\t\t\t\t\t\t<\/a>\n\t\t\t\t\t\t\t\t\t\t\t\t\t\t\t<\/div>\n\t\t\t\t<\/div>\n\t\t\t\t<\/div>\n\t\t<div class=\"elementor-element elementor-element-8d43e9e e-con-full e-flex e-con e-child\" data-id=\"8d43e9e\" data-element_type=\"container\" data-e-type=\"container\" data-settings=\"{&quot;background_background&quot;:&quot;classic&quot;}\">\n\t\t\t\t<div class=\"elementor-element elementor-element-921af97 elementor-widget elementor-widget-heading\" data-id=\"921af97\" data-element_type=\"widget\" data-e-type=\"widget\" data-widget_type=\"heading.default\">\n\t\t\t\t<div class=\"elementor-widget-container\">\n\t\t\t\t\t<h2 class=\"elementor-heading-title elementor-size-default\">Bolet\u00edn Jur\u00eddico: Junio 2025<\/h2>\t\t\t\t<\/div>\n\t\t\t\t<\/div>\n\t\t\t\t<div class=\"elementor-element elementor-element-337eb77 elementor-widget elementor-widget-text-editor\" data-id=\"337eb77\" data-element_type=\"widget\" data-e-type=\"widget\" data-widget_type=\"text-editor.default\">\n\t\t\t\t<div class=\"elementor-widget-container\">\n\t\t\t\t\t\t\t\t\t<p>Con el art\u00edculo \u00abEl equipo que est\u00e1 detr\u00e1s del \u00e9xito de New York Injury Law\u00bb, que presenta al personal de New York Injury Law.<\/p><ul><li>NYIL apoy\u00f3 a los atletas locales en los partidos de la KASL<\/li><li>NY Injury Law consigue m\u00e1s de 11 millones de d\u00f3lares en los primeros seis meses<\/li><li>Lo que debes saber si te lesiona un conductor de Uber o Lyft<\/li><\/ul>\t\t\t\t\t\t\t\t<\/div>\n\t\t\t\t<\/div>\n\t\t\t\t<div class=\"elementor-element elementor-element-38c416b elementor-widget elementor-widget-heading\" data-id=\"38c416b\" data-element_type=\"widget\" data-e-type=\"widget\" data-widget_type=\"heading.default\">\n\t\t\t\t<div class=\"elementor-widget-container\">\n\t\t\t\t\t<div class=\"elementor-heading-title elementor-size-default\"><a href=\"https:\/\/newyorkinjurylaw.net\/wp-content\/uploads\/NYIL-Newsletter-June-2025.pdf\" target=\"_blank\" rel=\"nofollow\">Lee el bolet\u00edn (descarga en PDF)<\/a><\/div>\t\t\t\t<\/div>\n\t\t\t\t<\/div>\n\t\t\t\t<\/div>\n\t\t\t\t\t<\/div>\n\t\t\t\t<\/div>\n\t\t<div class=\"elementor-element elementor-element-b131f82 e-flex e-con-boxed e-con e-parent\" data-id=\"b131f82\" data-element_type=\"container\" data-e-type=\"container\">\n\t\t\t\t\t<div class=\"e-con-inner\">\n\t\t<div class=\"elementor-element elementor-element-24045b8 e-con-full e-flex e-con e-child\" data-id=\"24045b8\" data-element_type=\"container\" data-e-type=\"container\">\n\t\t\t\t<div class=\"elementor-element elementor-element-46c97fa elementor-widget elementor-widget-image\" data-id=\"46c97fa\" data-element_type=\"widget\" data-e-type=\"widget\" data-widget_type=\"image.default\">\n\t\t\t\t<div class=\"elementor-widget-container\">\n\t\t\t\t\t\t\t\t\t\t\t\t\t\t\t\t<a href=\"https:\/\/newyorkinjurylaw.net\/wp-content\/uploads\/NYIL-Newsletter-May-2025.pdf\" target=\"_blank\" rel=\"nofollow\">\n\t\t\t\t\t\t\t<img decoding=\"async\" width=\"773\" height=\"1000\" src=\"https:\/\/newyorkinjurylaw.net\/wp-content\/uploads\/NYIL-Newsletter-May-2025-thumb.jpg\" class=\"elementor-animation-grow attachment-full size-full wp-image-2640\" alt=\"\" srcset=\"https:\/\/newyorkinjurylaw.net\/wp-content\/uploads\/NYIL-Newsletter-May-2025-thumb.jpg 773w, https:\/\/newyorkinjurylaw.net\/wp-content\/uploads\/NYIL-Newsletter-May-2025-thumb-768x994.jpg 768w\" sizes=\"(max-width: 773px) 100vw, 773px\" \/>\t\t\t\t\t\t\t\t<\/a>\n\t\t\t\t\t\t\t\t\t\t\t\t\t\t\t<\/div>\n\t\t\t\t<\/div>\n\t\t\t\t<\/div>\n\t\t<div class=\"elementor-element elementor-element-4363e44 e-con-full e-flex e-con e-child\" data-id=\"4363e44\" data-element_type=\"container\" data-e-type=\"container\" data-settings=\"{&quot;background_background&quot;:&quot;classic&quot;}\">\n\t\t\t\t<div class=\"elementor-element elementor-element-32f64a6 elementor-widget elementor-widget-heading\" data-id=\"32f64a6\" data-element_type=\"widget\" data-e-type=\"widget\" data-widget_type=\"heading.default\">\n\t\t\t\t<div class=\"elementor-widget-container\">\n\t\t\t\t\t<h2 class=\"elementor-heading-title elementor-size-default\">Bolet\u00edn Jur\u00eddico: Mayo 2025<\/h2>\t\t\t\t<\/div>\n\t\t\t\t<\/div>\n\t\t\t\t<div class=\"elementor-element elementor-element-f859c71 elementor-widget elementor-widget-text-editor\" data-id=\"f859c71\" data-element_type=\"widget\" data-e-type=\"widget\" data-widget_type=\"text-editor.default\">\n\t\t\t\t<div class=\"elementor-widget-container\">\n\t\t\t\t\t\t\t\t\t<p>Con el art\u00edculo \u00abServir a todo Nueva York\u00bb, sobre la capacidad de New York Injury Law para ejercer en todo el estado de Nueva York, adem\u00e1s:<\/p><ul><li>La Ley de Lesiones de Nueva York respondi\u00f3 a las preguntas sobre lesiones personales en directo en Revoluci\u00f3n Radio<\/li><li>NY Injury Law Obtiene un Acuerdo de 800.000 $ para una Enfermera Herida en un Resbal\u00f3n y Ca\u00edda en el Lugar de Trabajo<\/li><li>Gran victoria para las v\u00edctimas de mordeduras de perro en el estado de Nueva York<\/li><\/ul>\t\t\t\t\t\t\t\t<\/div>\n\t\t\t\t<\/div>\n\t\t\t\t<div class=\"elementor-element elementor-element-7259977 elementor-widget elementor-widget-heading\" data-id=\"7259977\" data-element_type=\"widget\" data-e-type=\"widget\" data-widget_type=\"heading.default\">\n\t\t\t\t<div class=\"elementor-widget-container\">\n\t\t\t\t\t<div class=\"elementor-heading-title elementor-size-default\"><a href=\"https:\/\/newyorkinjurylaw.net\/wp-content\/uploads\/NYIL-Newsletter-May-2025.pdf\" target=\"_blank\" rel=\"nofollow\">Lee el bolet\u00edn (descarga en PDF)<\/a><\/div>\t\t\t\t<\/div>\n\t\t\t\t<\/div>\n\t\t\t\t<\/div>\n\t\t\t\t\t<\/div>\n\t\t\t\t<\/div>\n\t\t<div class=\"elementor-element elementor-element-bf8b58b e-flex e-con-boxed e-con e-parent\" data-id=\"bf8b58b\" data-element_type=\"container\" data-e-type=\"container\">\n\t\t\t\t\t<div class=\"e-con-inner\">\n\t\t<div class=\"elementor-element elementor-element-d454d37 e-con-full e-flex e-con e-child\" data-id=\"d454d37\" data-element_type=\"container\" data-e-type=\"container\">\n\t\t\t\t<div class=\"elementor-element elementor-element-f4cd433 elementor-widget elementor-widget-image\" data-id=\"f4cd433\" data-element_type=\"widget\" data-e-type=\"widget\" data-widget_type=\"image.default\">\n\t\t\t\t<div class=\"elementor-widget-container\">\n\t\t\t\t\t\t\t\t\t\t\t\t\t\t\t\t<a href=\"https:\/\/newyorkinjurylaw.net\/wp-content\/uploads\/NYIL-Newsletter-April-2025.pdf\" target=\"_blank\" rel=\"nofollow\">\n\t\t\t\t\t\t\t<img decoding=\"async\" width=\"773\" height=\"1000\" src=\"https:\/\/newyorkinjurylaw.net\/wp-content\/uploads\/NYIL-Newsletter-April-2025-thumb.jpg\" class=\"elementor-animation-grow attachment-full size-full wp-image-2639\" alt=\"\" srcset=\"https:\/\/newyorkinjurylaw.net\/wp-content\/uploads\/NYIL-Newsletter-April-2025-thumb.jpg 773w, https:\/\/newyorkinjurylaw.net\/wp-content\/uploads\/NYIL-Newsletter-April-2025-thumb-768x994.jpg 768w\" sizes=\"(max-width: 773px) 100vw, 773px\" \/>\t\t\t\t\t\t\t\t<\/a>\n\t\t\t\t\t\t\t\t\t\t\t\t\t\t\t<\/div>\n\t\t\t\t<\/div>\n\t\t\t\t<\/div>\n\t\t<div class=\"elementor-element elementor-element-8cadef5 e-con-full e-flex e-con e-child\" data-id=\"8cadef5\" data-element_type=\"container\" data-e-type=\"container\" data-settings=\"{&quot;background_background&quot;:&quot;classic&quot;}\">\n\t\t\t\t<div class=\"elementor-element elementor-element-32d4229 elementor-widget elementor-widget-heading\" data-id=\"32d4229\" data-element_type=\"widget\" data-e-type=\"widget\" data-widget_type=\"heading.default\">\n\t\t\t\t<div class=\"elementor-widget-container\">\n\t\t\t\t\t<h2 class=\"elementor-heading-title elementor-size-default\">Bolet\u00edn Jur\u00eddico: Abril 2025<\/h2>\t\t\t\t<\/div>\n\t\t\t\t<\/div>\n\t\t\t\t<div class=\"elementor-element elementor-element-833fb47 elementor-widget elementor-widget-text-editor\" data-id=\"833fb47\" data-element_type=\"widget\" data-e-type=\"widget\" data-widget_type=\"text-editor.default\">\n\t\t\t\t<div class=\"elementor-widget-container\">\n\t\t\t\t\t\t\t\t\t<p>Con el art\u00edculo \u00abUna nueva era de victorias\u00bb, sobre la fundaci\u00f3n de New York Injury Law, adem\u00e1s de:<\/p><ul><li>GANA 3.250.000 $ un ciclista herido en un accidente con un cami\u00f3n de bomberos<\/li><li>Acuerdo de Apple por 95 millones de d\u00f3lares sobre la privacidad de Siri<\/li><\/ul>\t\t\t\t\t\t\t\t<\/div>\n\t\t\t\t<\/div>\n\t\t\t\t<div class=\"elementor-element elementor-element-743a9ed elementor-widget elementor-widget-heading\" data-id=\"743a9ed\" data-element_type=\"widget\" data-e-type=\"widget\" data-widget_type=\"heading.default\">\n\t\t\t\t<div class=\"elementor-widget-container\">\n\t\t\t\t\t<div class=\"elementor-heading-title elementor-size-default\"><a href=\"https:\/\/newyorkinjurylaw.net\/wp-content\/uploads\/NYIL-Newsletter-April-2025.pdf\" target=\"_blank\" rel=\"nofollow\">Lee el bolet\u00edn (descarga en PDF)<\/a><\/div>\t\t\t\t<\/div>\n\t\t\t\t<\/div>\n\t\t\t\t<\/div>\n\t\t\t\t\t<\/div>\n\t\t\t\t<\/div>\n\t\t\t\t<\/div>\n\t\t","protected":false},"excerpt":{"rendered":"<p>Nuestro bolet\u00edn mensual contiene actualizaciones sobre el bufete, noticias de la comunidad, informaci\u00f3n sobre las victorias recientes de New York Injury Law, noticias jur\u00eddicas relativas al Estado de Nueva York y asuntos nacionales, y mucho m\u00e1s. Evaluaci\u00f3n gratuita del caso Bolet\u00edn Jur\u00eddico: Junio 2025 Con el art\u00edculo \u00abEl equipo que est\u00e1 detr\u00e1s del \u00e9xito de [&hellip;]<\/p>\n","protected":false},"author":2,"featured_media":0,"parent":0,"menu_order":0,"comment_status":"closed","ping_status":"closed","template":"","meta":{"footnotes":""},"class_list":["post-2671","page","type-page","status-publish","hentry"],"yoast_head":"<!-- This site is optimized with the Yoast SEO plugin v27.4 - https:\/\/yoast.com\/product\/yoast-seo-wordpress\/ -->\n<title>Bolet\u00edn Jur\u00eddico - New York Injury Law<\/title>\n<meta name=\"description\" content=\"Mantente informado con el Bolet\u00edn Jur\u00eddico de Derecho de Lesiones de Nueva York, con informaci\u00f3n actualizada sobre derecho de lesiones personales, resultados de casos, consejos jur\u00eddicos y noticias de todo Nueva York. Suscr\u00edbete hoy para recibir informaci\u00f3n mensual de expertos.\" \/>\n<meta name=\"robots\" content=\"index, follow, max-snippet:-1, max-image-preview:large, max-video-preview:-1\" \/>\n<link rel=\"canonical\" href=\"https:\/\/newyorkinjurylaw.net\/es\/boletin-juridico\/\" \/>\n<meta property=\"og:locale\" content=\"es_ES\" \/>\n<meta property=\"og:type\" content=\"article\" \/>\n<meta property=\"og:title\" content=\"Bolet\u00edn Jur\u00eddico - New York Injury Law\" \/>\n<meta property=\"og:description\" content=\"Mantente informado con el Bolet\u00edn Jur\u00eddico de Derecho de Lesiones de Nueva York, con informaci\u00f3n actualizada sobre derecho de lesiones personales, resultados de casos, consejos jur\u00eddicos y noticias de todo Nueva York. Suscr\u00edbete hoy para recibir informaci\u00f3n mensual de expertos.\" \/>\n<meta property=\"og:url\" content=\"https:\/\/newyorkinjurylaw.net\/es\/boletin-juridico\/\" \/>\n<meta property=\"og:site_name\" content=\"New York Injury Law\" \/>\n<meta property=\"article:publisher\" content=\"https:\/\/www.facebook.com\/people\/New-York-Injury-Law-LLP\/61571084107769\/\" \/>\n<meta property=\"article:modified_time\" content=\"2025-07-02T19:36:27+00:00\" \/>\n<meta property=\"og:image\" content=\"https:\/\/newyorkinjurylaw.net\/wp-content\/uploads\/NYIL-Newsletter-June-2025-thumb.jpg\" \/>\n\t<meta property=\"og:image:width\" content=\"773\" \/>\n\t<meta property=\"og:image:height\" content=\"1000\" \/>\n\t<meta property=\"og:image:type\" content=\"image\/jpeg\" \/>\n<meta name=\"twitter:card\" content=\"summary_large_image\" \/>\n<meta name=\"twitter:label1\" content=\"Tiempo de lectura\" \/>\n\t<meta name=\"twitter:data1\" content=\"1 minuto\" \/>\n<script type=\"application\/ld+json\" class=\"yoast-schema-graph\">{\"@context\":\"https:\\\/\\\/schema.org\",\"@graph\":[{\"@type\":\"WebPage\",\"@id\":\"https:\\\/\\\/newyorkinjurylaw.net\\\/es\\\/boletin-juridico\\\/\",\"url\":\"https:\\\/\\\/newyorkinjurylaw.net\\\/es\\\/boletin-juridico\\\/\",\"name\":\"Bolet\u00edn Jur\u00eddico - New York Injury Law\",\"isPartOf\":{\"@id\":\"https:\\\/\\\/newyorkinjurylaw.net\\\/es\\\/#website\"},\"primaryImageOfPage\":{\"@id\":\"https:\\\/\\\/newyorkinjurylaw.net\\\/es\\\/boletin-juridico\\\/#primaryimage\"},\"image\":{\"@id\":\"https:\\\/\\\/newyorkinjurylaw.net\\\/es\\\/boletin-juridico\\\/#primaryimage\"},\"thumbnailUrl\":\"https:\\\/\\\/newyorkinjurylaw.net\\\/wp-content\\\/uploads\\\/NYIL-Newsletter-June-2025-thumb.jpg\",\"datePublished\":\"2025-05-19T20:13:52+00:00\",\"dateModified\":\"2025-07-02T19:36:27+00:00\",\"description\":\"Mantente informado con el Bolet\u00edn Jur\u00eddico de Derecho de Lesiones de Nueva York, con informaci\u00f3n actualizada sobre derecho de lesiones personales, resultados de casos, consejos jur\u00eddicos y noticias de todo Nueva York. Suscr\u00edbete hoy para recibir informaci\u00f3n mensual de expertos.\",\"breadcrumb\":{\"@id\":\"https:\\\/\\\/newyorkinjurylaw.net\\\/es\\\/boletin-juridico\\\/#breadcrumb\"},\"inLanguage\":\"es\",\"potentialAction\":[{\"@type\":\"ReadAction\",\"target\":[\"https:\\\/\\\/newyorkinjurylaw.net\\\/es\\\/boletin-juridico\\\/\"]}]},{\"@type\":\"ImageObject\",\"inLanguage\":\"es\",\"@id\":\"https:\\\/\\\/newyorkinjurylaw.net\\\/es\\\/boletin-juridico\\\/#primaryimage\",\"url\":\"https:\\\/\\\/newyorkinjurylaw.net\\\/wp-content\\\/uploads\\\/NYIL-Newsletter-June-2025-thumb.jpg\",\"contentUrl\":\"https:\\\/\\\/newyorkinjurylaw.net\\\/wp-content\\\/uploads\\\/NYIL-Newsletter-June-2025-thumb.jpg\"},{\"@type\":\"BreadcrumbList\",\"@id\":\"https:\\\/\\\/newyorkinjurylaw.net\\\/es\\\/boletin-juridico\\\/#breadcrumb\",\"itemListElement\":[{\"@type\":\"ListItem\",\"position\":1,\"name\":\"Home\",\"item\":\"https:\\\/\\\/newyorkinjurylaw.net\\\/es\\\/\"},{\"@type\":\"ListItem\",\"position\":2,\"name\":\"Bolet\u00edn Jur\u00eddico\"}]},{\"@type\":\"WebSite\",\"@id\":\"https:\\\/\\\/newyorkinjurylaw.net\\\/es\\\/#website\",\"url\":\"https:\\\/\\\/newyorkinjurylaw.net\\\/es\\\/\",\"name\":\"New York Injury Law\",\"description\":\"Una nueva era de victorias\",\"publisher\":{\"@id\":\"https:\\\/\\\/newyorkinjurylaw.net\\\/es\\\/#organization\"},\"potentialAction\":[{\"@type\":\"SearchAction\",\"target\":{\"@type\":\"EntryPoint\",\"urlTemplate\":\"https:\\\/\\\/newyorkinjurylaw.net\\\/es\\\/?s={search_term_string}\"},\"query-input\":{\"@type\":\"PropertyValueSpecification\",\"valueRequired\":true,\"valueName\":\"search_term_string\"}}],\"inLanguage\":\"es\"},{\"@type\":\"Organization\",\"@id\":\"https:\\\/\\\/newyorkinjurylaw.net\\\/es\\\/#organization\",\"name\":\"New York Injury Law\",\"url\":\"https:\\\/\\\/newyorkinjurylaw.net\\\/es\\\/\",\"logo\":{\"@type\":\"ImageObject\",\"inLanguage\":\"es\",\"@id\":\"https:\\\/\\\/newyorkinjurylaw.net\\\/es\\\/#\\\/schema\\\/logo\\\/image\\\/\",\"url\":\"https:\\\/\\\/newyorkinjurylaw.net\\\/wp-content\\\/uploads\\\/nyil-logo-stacked.svg\",\"contentUrl\":\"https:\\\/\\\/newyorkinjurylaw.net\\\/wp-content\\\/uploads\\\/nyil-logo-stacked.svg\",\"width\":563,\"height\":298,\"caption\":\"New York Injury Law\"},\"image\":{\"@id\":\"https:\\\/\\\/newyorkinjurylaw.net\\\/es\\\/#\\\/schema\\\/logo\\\/image\\\/\"},\"sameAs\":[\"https:\\\/\\\/www.facebook.com\\\/people\\\/New-York-Injury-Law-LLP\\\/61571084107769\\\/\",\"https:\\\/\\\/www.instagram.com\\\/newyorkinjurylaw\\\/\",\"https:\\\/\\\/www.linkedin.com\\\/company\\\/new-york-injury-law\\\/\",\"https:\\\/\\\/www.youtube.com\\\/@NewYorkInjuryLawLLP\"]}]}<\/script>\n<!-- \/ Yoast SEO plugin. -->","yoast_head_json":{"title":"Bolet\u00edn Jur\u00eddico - New York Injury Law","description":"Mantente informado con el Bolet\u00edn Jur\u00eddico de Derecho de Lesiones de Nueva York, con informaci\u00f3n actualizada sobre derecho de lesiones personales, resultados de casos, consejos jur\u00eddicos y noticias de todo Nueva York. Suscr\u00edbete hoy para recibir informaci\u00f3n mensual de expertos.","robots":{"index":"index","follow":"follow","max-snippet":"max-snippet:-1","max-image-preview":"max-image-preview:large","max-video-preview":"max-video-preview:-1"},"canonical":"https:\/\/newyorkinjurylaw.net\/es\/boletin-juridico\/","og_locale":"es_ES","og_type":"article","og_title":"Bolet\u00edn Jur\u00eddico - New York Injury Law","og_description":"Mantente informado con el Bolet\u00edn Jur\u00eddico de Derecho de Lesiones de Nueva York, con informaci\u00f3n actualizada sobre derecho de lesiones personales, resultados de casos, consejos jur\u00eddicos y noticias de todo Nueva York. Suscr\u00edbete hoy para recibir informaci\u00f3n mensual de expertos.","og_url":"https:\/\/newyorkinjurylaw.net\/es\/boletin-juridico\/","og_site_name":"New York Injury Law","article_publisher":"https:\/\/www.facebook.com\/people\/New-York-Injury-Law-LLP\/61571084107769\/","article_modified_time":"2025-07-02T19:36:27+00:00","og_image":[{"width":773,"height":1000,"url":"https:\/\/newyorkinjurylaw.net\/wp-content\/uploads\/NYIL-Newsletter-June-2025-thumb.jpg","type":"image\/jpeg"}],"twitter_card":"summary_large_image","twitter_misc":{"Tiempo de lectura":"1 minuto"},"schema":{"@context":"https:\/\/schema.org","@graph":[{"@type":"WebPage","@id":"https:\/\/newyorkinjurylaw.net\/es\/boletin-juridico\/","url":"https:\/\/newyorkinjurylaw.net\/es\/boletin-juridico\/","name":"Bolet\u00edn Jur\u00eddico - New York Injury Law","isPartOf":{"@id":"https:\/\/newyorkinjurylaw.net\/es\/#website"},"primaryImageOfPage":{"@id":"https:\/\/newyorkinjurylaw.net\/es\/boletin-juridico\/#primaryimage"},"image":{"@id":"https:\/\/newyorkinjurylaw.net\/es\/boletin-juridico\/#primaryimage"},"thumbnailUrl":"https:\/\/newyorkinjurylaw.net\/wp-content\/uploads\/NYIL-Newsletter-June-2025-thumb.jpg","datePublished":"2025-05-19T20:13:52+00:00","dateModified":"2025-07-02T19:36:27+00:00","description":"Mantente informado con el Bolet\u00edn Jur\u00eddico de Derecho de Lesiones de Nueva York, con informaci\u00f3n actualizada sobre derecho de lesiones personales, resultados de casos, consejos jur\u00eddicos y noticias de todo Nueva York. Suscr\u00edbete hoy para recibir informaci\u00f3n mensual de expertos.","breadcrumb":{"@id":"https:\/\/newyorkinjurylaw.net\/es\/boletin-juridico\/#breadcrumb"},"inLanguage":"es","potentialAction":[{"@type":"ReadAction","target":["https:\/\/newyorkinjurylaw.net\/es\/boletin-juridico\/"]}]},{"@type":"ImageObject","inLanguage":"es","@id":"https:\/\/newyorkinjurylaw.net\/es\/boletin-juridico\/#primaryimage","url":"https:\/\/newyorkinjurylaw.net\/wp-content\/uploads\/NYIL-Newsletter-June-2025-thumb.jpg","contentUrl":"https:\/\/newyorkinjurylaw.net\/wp-content\/uploads\/NYIL-Newsletter-June-2025-thumb.jpg"},{"@type":"BreadcrumbList","@id":"https:\/\/newyorkinjurylaw.net\/es\/boletin-juridico\/#breadcrumb","itemListElement":[{"@type":"ListItem","position":1,"name":"Home","item":"https:\/\/newyorkinjurylaw.net\/es\/"},{"@type":"ListItem","position":2,"name":"Bolet\u00edn Jur\u00eddico"}]},{"@type":"WebSite","@id":"https:\/\/newyorkinjurylaw.net\/es\/#website","url":"https:\/\/newyorkinjurylaw.net\/es\/","name":"New York Injury Law","description":"Una nueva era de victorias","publisher":{"@id":"https:\/\/newyorkinjurylaw.net\/es\/#organization"},"potentialAction":[{"@type":"SearchAction","target":{"@type":"EntryPoint","urlTemplate":"https:\/\/newyorkinjurylaw.net\/es\/?s={search_term_string}"},"query-input":{"@type":"PropertyValueSpecification","valueRequired":true,"valueName":"search_term_string"}}],"inLanguage":"es"},{"@type":"Organization","@id":"https:\/\/newyorkinjurylaw.net\/es\/#organization","name":"New York Injury Law","url":"https:\/\/newyorkinjurylaw.net\/es\/","logo":{"@type":"ImageObject","inLanguage":"es","@id":"https:\/\/newyorkinjurylaw.net\/es\/#\/schema\/logo\/image\/","url":"https:\/\/newyorkinjurylaw.net\/wp-content\/uploads\/nyil-logo-stacked.svg","contentUrl":"https:\/\/newyorkinjurylaw.net\/wp-content\/uploads\/nyil-logo-stacked.svg","width":563,"height":298,"caption":"New York Injury Law"},"image":{"@id":"https:\/\/newyorkinjurylaw.net\/es\/#\/schema\/logo\/image\/"},"sameAs":["https:\/\/www.facebook.com\/people\/New-York-Injury-Law-LLP\/61571084107769\/","https:\/\/www.instagram.com\/newyorkinjurylaw\/","https:\/\/www.linkedin.com\/company\/new-york-injury-law\/","https:\/\/www.youtube.com\/@NewYorkInjuryLawLLP"]}]}},"_links":{"self":[{"href":"https:\/\/newyorkinjurylaw.net\/es\/wp-json\/wp\/v2\/pages\/2671","targetHints":{"allow":["GET"]}}],"collection":[{"href":"https:\/\/newyorkinjurylaw.net\/es\/wp-json\/wp\/v2\/pages"}],"about":[{"href":"https:\/\/newyorkinjurylaw.net\/es\/wp-json\/wp\/v2\/types\/page"}],"author":[{"embeddable":true,"href":"https:\/\/newyorkinjurylaw.net\/es\/wp-json\/wp\/v2\/users\/2"}],"replies":[{"embeddable":true,"href":"https:\/\/newyorkinjurylaw.net\/es\/wp-json\/wp\/v2\/comments?post=2671"}],"version-history":[{"count":1,"href":"https:\/\/newyorkinjurylaw.net\/es\/wp-json\/wp\/v2\/pages\/2671\/revisions"}],"predecessor-version":[{"id":2674,"href":"https:\/\/newyorkinjurylaw.net\/es\/wp-json\/wp\/v2\/pages\/2671\/revisions\/2674"}],"wp:attachment":[{"href":"https:\/\/newyorkinjurylaw.net\/es\/wp-json\/wp\/v2\/media?parent=2671"}],"curies":[{"name":"wp","href":"https:\/\/api.w.org\/{rel}","templated":true}]}}